{"id":991,"date":"2019-06-09T17:01:03","date_gmt":"2019-06-09T17:01:03","guid":{"rendered":"http:\/\/blacksilver-venus.imaginem.co\/?page_id=991"},"modified":"2019-06-09T17:01:03","modified_gmt":"2019-06-09T17:01:03","slug":"blog","status":"publish","type":"page","link":"https:\/\/villa77.hr\/index.php\/blog\/","title":{"rendered":"Blog"},"content":{"rendered":"\t\t<div data-elementor-type=\"wp-post\" data-elementor-id=\"991\" class=\"elementor elementor-991\">\n\t\t\t\t\t\t<section class=\"elementor-section elementor-top-section elementor-element elementor-element-75143d8 elementor-section-boxed elementor-section-height-default elementor-section-height-default\" data-id=\"75143d8\" data-element_type=\"section\" data-e-type=\"section\">\n\t\t\t\t\t\t<div class=\"elementor-container elementor-column-gap-default\">\n\t\t\t\t\t<div class=\"elementor-column elementor-col-100 elementor-top-column elementor-element elementor-element-4f83eaa\" data-id=\"4f83eaa\" data-element_type=\"column\" data-e-type=\"column\">\n\t\t\t<div class=\"elementor-widget-wrap elementor-element-populated\">\n\t\t\t\t\t\t<div class=\"elementor-element elementor-element-fd52adb section-align-center section-size-large subtitle-style-default elementor-widget elementor-widget-section-heading\" data-id=\"fd52adb\" data-element_type=\"widget\" data-e-type=\"widget\" data-widget_type=\"section-heading.default\">\n\t\t\t\t<div class=\"elementor-widget-container\">\n\t\t\t\t\t<div class=\"section-heading headingstyle-subtitle\"><div class=\"section-title-wrapper\"><h2 class=\"entry-title section-title\">Mali blog Vile 77<\/h2><\/div><div class=\"section-description clearfix\"><div class=\"section-description-inner\"><p>Vijesti iz Lonjskog polja<\/p>\n<\/div><\/div><\/div>\t\t\t\t<\/div>\n\t\t\t\t<\/div>\n\t\t\t\t\t<\/div>\n\t\t<\/div>\n\t\t\t\t\t<\/div>\n\t\t<\/section>\n\t\t\t\t<section class=\"elementor-section elementor-top-section elementor-element elementor-element-9449e00 elementor-section-boxed elementor-section-height-default elementor-section-height-default\" data-id=\"9449e00\" data-element_type=\"section\" data-e-type=\"section\">\n\t\t\t\t\t\t<div class=\"elementor-container elementor-column-gap-default\">\n\t\t\t\t\t<div class=\"elementor-column elementor-col-100 elementor-top-column elementor-element elementor-element-cd34e2a\" data-id=\"cd34e2a\" data-element_type=\"column\" data-e-type=\"column\">\n\t\t\t<div class=\"elementor-widget-wrap elementor-element-populated\">\n\t\t\t\t\t\t<div class=\"elementor-element elementor-element-2f00c29 elementor-widget elementor-widget-blog-grid\" data-id=\"2f00c29\" data-element_type=\"widget\" data-e-type=\"widget\" data-widget_type=\"blog-grid.default\">\n\t\t\t\t<div class=\"elementor-widget-container\">\n\t\t\t\t\t<div class=\"portfolio-grid-container portfolio-gridblock-columns-wrap grid-has-blog\"><div id=\"gridblock-container\" class=\"portfolio-gutter-spaced    has-effect-zoom grid-style-classic gridblock-three clearfix\" data-columns=\"3\"><div class=\"gridblock-element grid-animate-display-all isotope-displayed gridblock-element-id-2713 gridblock-element-order-1  gridblock-filterable \" data-portfolio=\"portfolio-2713\" data-id=\"id-2\"><div class=\"gridblock-grid-element gridblock-element-inner\" data-portfolioid=\"2713\"><div class=\"gridblock-background-hover\"><a class=\"gridblock-sole-link\" href=\"https:\/\/villa77.hr\/index.php\/2025\/08\/28\/dugogodisnja-suradnja-hrvatskog-foto-saveza-mladih-u-lonjskom-polju-2025\/\"><div class=\"gridblock-links-wrap box-title-\"><span class=\"column-gridblock-icon\"><span class=\"hover-icon-effect\"><i class=\"ion-ios-plus-empty\"><\/i><\/span><\/span><\/div><\/a><\/div><img decoding=\"async\" src=\"https:\/\/villa77.hr\/wp-content\/themes\/blacksilver\/images\/placeholders\/placeholder-770x550.gif\" data-src=\"https:\/\/villa77.hr\/wp-content\/uploads\/2025\/08\/Villa-77-770x550.webp\" alt=\"\" class=\"displayed-image lazyload\"\/><\/div><div class=\"summary-info\"><div class=\"summary-date\"><i class=\"feather-icon-clock\"><\/i> 28. kolovoza 2025.<\/div><div class=\"summary-comment\"><a href=\"https:\/\/villa77.hr\/index.php\/2025\/08\/28\/dugogodisnja-suradnja-hrvatskog-foto-saveza-mladih-u-lonjskom-polju-2025\/#respond\">0 <i class=\"feather-icon-speech-bubble\"><\/i><\/a><\/div><\/div><div class=\"work-details\"><h4><a href=\"https:\/\/villa77.hr\/index.php\/2025\/08\/28\/dugogodisnja-suradnja-hrvatskog-foto-saveza-mladih-u-lonjskom-polju-2025\/\">Dugogodi\u0161nja suradnja Hrvatskog foto saveza i Parka prirode Lonjsko polje<\/a><\/h4><p class=\"entry-content work-description\">Hrvatski foto savez i Park prirode Lonjsko polje ve\u0107 dugi niz godina uspje\u0161no sura\u0111uju na razli\u010ditim projektima i radionicama, stvaraju\u0107i prostor u kojem mladi...<\/p><a class=\"theme-btn-link\" href=\"https:\/\/villa77.hr\/index.php\/2025\/08\/28\/dugogodisnja-suradnja-hrvatskog-foto-saveza-mladih-u-lonjskom-polju-2025\/\"><div class=\"theme-btn theme-btn-outline-primary theme-hover-arrow\">Continue Reading<\/div><\/a><\/div><\/div><div class=\"gridblock-element grid-animate-display-all isotope-displayed gridblock-element-id-946 gridblock-element-order-2  gridblock-filterable \" data-portfolio=\"portfolio-946\" data-id=\"id-3\"><div class=\"gridblock-grid-element gridblock-element-inner\" data-portfolioid=\"946\"><div class=\"gridblock-background-hover\"><a class=\"gridblock-sole-link\" href=\"https:\/\/villa77.hr\/index.php\/2025\/03\/24\/bookmarksgrove-right-at-the-coast-of-the-semantics\/\"><div class=\"gridblock-links-wrap box-title-\"><span class=\"column-gridblock-icon\"><span class=\"hover-icon-effect\"><i class=\"ion-ios-plus-empty\"><\/i><\/span><\/span><\/div><\/a><\/div><img decoding=\"async\" src=\"https:\/\/villa77.hr\/wp-content\/themes\/blacksilver\/images\/placeholders\/placeholder-770x550.gif\" data-src=\"https:\/\/villa77.hr\/wp-content\/uploads\/2025\/03\/KR1-770x550.png\" alt=\"\" class=\"displayed-image lazyload\"\/><\/div><div class=\"summary-info\"><div class=\"summary-date\"><i class=\"feather-icon-clock\"><\/i> 24. o\u017eujka 2025.<\/div><div class=\"summary-comment\"><a href=\"https:\/\/villa77.hr\/index.php\/2025\/03\/24\/bookmarksgrove-right-at-the-coast-of-the-semantics\/#respond\">0 <i class=\"feather-icon-speech-bubble\"><\/i><\/a><\/div><\/div><div class=\"work-details\"><h4><a href=\"https:\/\/villa77.hr\/index.php\/2025\/03\/24\/bookmarksgrove-right-at-the-coast-of-the-semantics\/\">Dom za dvije tre\u0107ine ukupnog broja vrsta ptica u Hrvatskoj<\/a><\/h4><p class=\"entry-content work-description\">Dom za dvije tre\u0107ine ukupnog broja vrsta ptica u Hrvatskoj 1. listopada 2024. Kad se voda povu\u010de u korito rijeke Save, na vla\u017enim osun\u010danim...<\/p><a class=\"theme-btn-link\" href=\"https:\/\/villa77.hr\/index.php\/2025\/03\/24\/bookmarksgrove-right-at-the-coast-of-the-semantics\/\"><div class=\"theme-btn theme-btn-outline-primary theme-hover-arrow\">Continue Reading<\/div><\/a><\/div><\/div><div class=\"gridblock-element grid-animate-display-all isotope-displayed gridblock-element-id-1872 gridblock-element-order-3  gridblock-filterable \" data-portfolio=\"portfolio-1872\" data-id=\"id-4\"><div class=\"gridblock-grid-element gridblock-element-inner\" data-portfolioid=\"1872\"><div class=\"gridblock-background-hover\"><a class=\"gridblock-sole-link\" href=\"https:\/\/villa77.hr\/index.php\/2025\/03\/23\/otkrijte-kratecko-gdje-se-nalazi-lonjsko-polje-kako-doci-do-lonjskog-polja\/\"><div class=\"gridblock-links-wrap box-title-\"><span class=\"column-gridblock-icon\"><span class=\"hover-icon-effect\"><i class=\"ion-ios-plus-empty\"><\/i><\/span><\/span><\/div><\/a><\/div><img decoding=\"async\" src=\"https:\/\/villa77.hr\/wp-content\/themes\/blacksilver\/images\/placeholders\/placeholder-770x550.gif\" data-src=\"https:\/\/villa77.hr\/wp-content\/uploads\/2025\/03\/KR6-770x550.png\" alt=\"\" class=\"displayed-image lazyload\"\/><\/div><div class=\"summary-info\"><div class=\"summary-date\"><i class=\"feather-icon-clock\"><\/i> 23. o\u017eujka 2025.<\/div><div class=\"summary-comment\"><a href=\"https:\/\/villa77.hr\/index.php\/2025\/03\/23\/otkrijte-kratecko-gdje-se-nalazi-lonjsko-polje-kako-doci-do-lonjskog-polja\/#respond\">0 <i class=\"feather-icon-speech-bubble\"><\/i><\/a><\/div><\/div><div class=\"work-details\"><h4><a href=\"https:\/\/villa77.hr\/index.php\/2025\/03\/23\/otkrijte-kratecko-gdje-se-nalazi-lonjsko-polje-kako-doci-do-lonjskog-polja\/\">Otkrijte Krate\u010dko \/ Gdje se nalazi Lonjsko polje? Kako do\u0107i do Lonjskog polja?<\/a><\/h4><p class=\"entry-content work-description\">Park prirode \/ \u010culi ste za Lonjsko polje, a ne znate gdje se nalazi lonjsko polje. Saznajte gdje se nalazi i \u0161to nudi Lonjsko...<\/p><a class=\"theme-btn-link\" href=\"https:\/\/villa77.hr\/index.php\/2025\/03\/23\/otkrijte-kratecko-gdje-se-nalazi-lonjsko-polje-kako-doci-do-lonjskog-polja\/\"><div class=\"theme-btn theme-btn-outline-primary theme-hover-arrow\">Continue Reading<\/div><\/a><\/div><\/div><\/div><\/div>\t\t\t\t<\/div>\n\t\t\t\t<\/div>\n\t\t\t\t\t<\/div>\n\t\t<\/div>\n\t\t\t\t\t<\/div>\n\t\t<\/section>\n\t\t\t\t<\/div>\n\t\t","protected":false},"excerpt":{"rendered":"<p>Mali blog Vile 77 Vijesti iz Lonjskog polja 1. listopada 2024.1 Otkrijte Krate\u010dko \/ Gdje se nalazi Lonjsko polje? Kako do\u0107i do Lonjskog polja? Otkrijte Kostajnicu: Bogata povijest i prirodne ljepote 1. listopada 2024. Park prirode \/ \u010culi ste za Lonjsko polje, a ne znate gdje se nalazi&#8230; Continue Reading 1. listopada 2024.0 Hrvatska Kostajnica, ljubav na prvi pogled Hrvatska Kostajnica, ljubav na prvi pogled 1. listopada 2024. Photo Story U srcu slikovitog krajolika, na obalama rijeke Une, le\u017ei Hrvatska [&hellip;]<\/p>\n","protected":false},"author":1,"featured_media":0,"parent":0,"menu_order":0,"comment_status":"closed","ping_status":"closed","template":"","meta":{"footnotes":""},"class_list":["post-991","page","type-page","status-publish","hentry"],"yoast_head":"<!-- This site is optimized with the Yoast SEO plugin v27.3 - https:\/\/yoast.com\/product\/yoast-seo-wordpress\/ -->\n<title>Blog - Villa 77<\/title>\n<meta name=\"robots\" content=\"index, follow, max-snippet:-1, max-image-preview:large, max-video-preview:-1\" \/>\n<link rel=\"canonical\" href=\"https:\/\/villa77.hr\/index.php\/blog\/\" \/>\n<meta property=\"og:locale\" content=\"hr_HR\" \/>\n<meta property=\"og:type\" content=\"article\" \/>\n<meta property=\"og:title\" content=\"Blog - Villa 77\" \/>\n<meta property=\"og:description\" content=\"Mali blog Vile 77 Vijesti iz Lonjskog polja 1. listopada 2024.1 Otkrijte Krate\u010dko \/ Gdje se nalazi Lonjsko polje? Kako do\u0107i do Lonjskog polja? Otkrijte Kostajnicu: Bogata povijest i prirodne ljepote 1. listopada 2024. Park prirode \/ \u010culi ste za Lonjsko polje, a ne znate gdje se nalazi&#8230; Continue Reading 1. listopada 2024.0 Hrvatska Kostajnica, ljubav na prvi pogled Hrvatska Kostajnica, ljubav na prvi pogled 1. listopada 2024. Photo Story U srcu slikovitog krajolika, na obalama rijeke Une, le\u017ei Hrvatska [&hellip;]\" \/>\n<meta property=\"og:url\" content=\"https:\/\/villa77.hr\/index.php\/blog\/\" \/>\n<meta property=\"og:site_name\" content=\"Villa 77\" \/>\n<meta property=\"og:image\" content=\"https:\/\/goran-juric.com\/nono\/wp-content\/themes\/blacksilver\/images\/placeholders\/placeholder-770x550.gif\" \/>\n<meta name=\"twitter:card\" content=\"summary_large_image\" \/>\n<meta name=\"twitter:label1\" content=\"Procijenjeno vrijeme \u010ditanja\" \/>\n\t<meta name=\"twitter:data1\" content=\"1 minuta\" \/>\n<script type=\"application\/ld+json\" class=\"yoast-schema-graph\">{\"@context\":\"https:\\\/\\\/schema.org\",\"@graph\":[{\"@type\":\"WebPage\",\"@id\":\"https:\\\/\\\/villa77.hr\\\/index.php\\\/blog\\\/\",\"url\":\"https:\\\/\\\/villa77.hr\\\/index.php\\\/blog\\\/\",\"name\":\"Blog - Villa 77\",\"isPartOf\":{\"@id\":\"https:\\\/\\\/villa77.hr\\\/#website\"},\"primaryImageOfPage\":{\"@id\":\"https:\\\/\\\/villa77.hr\\\/index.php\\\/blog\\\/#primaryimage\"},\"image\":{\"@id\":\"https:\\\/\\\/villa77.hr\\\/index.php\\\/blog\\\/#primaryimage\"},\"thumbnailUrl\":\"https:\\\/\\\/goran-juric.com\\\/nono\\\/wp-content\\\/themes\\\/blacksilver\\\/images\\\/placeholders\\\/placeholder-770x550.gif\",\"datePublished\":\"2019-06-09T17:01:03+00:00\",\"breadcrumb\":{\"@id\":\"https:\\\/\\\/villa77.hr\\\/index.php\\\/blog\\\/#breadcrumb\"},\"inLanguage\":\"hr\",\"potentialAction\":[{\"@type\":\"ReadAction\",\"target\":[\"https:\\\/\\\/villa77.hr\\\/index.php\\\/blog\\\/\"]}]},{\"@type\":\"ImageObject\",\"inLanguage\":\"hr\",\"@id\":\"https:\\\/\\\/villa77.hr\\\/index.php\\\/blog\\\/#primaryimage\",\"url\":\"https:\\\/\\\/goran-juric.com\\\/nono\\\/wp-content\\\/themes\\\/blacksilver\\\/images\\\/placeholders\\\/placeholder-770x550.gif\",\"contentUrl\":\"https:\\\/\\\/goran-juric.com\\\/nono\\\/wp-content\\\/themes\\\/blacksilver\\\/images\\\/placeholders\\\/placeholder-770x550.gif\"},{\"@type\":\"BreadcrumbList\",\"@id\":\"https:\\\/\\\/villa77.hr\\\/index.php\\\/blog\\\/#breadcrumb\",\"itemListElement\":[{\"@type\":\"ListItem\",\"position\":1,\"name\":\"Po\u010detna stranica\",\"item\":\"https:\\\/\\\/villa77.hr\\\/\"},{\"@type\":\"ListItem\",\"position\":2,\"name\":\"Blog\"}]},{\"@type\":\"WebSite\",\"@id\":\"https:\\\/\\\/villa77.hr\\\/#website\",\"url\":\"https:\\\/\\\/villa77.hr\\\/\",\"name\":\"Villa 77\",\"description\":\"\",\"potentialAction\":[{\"@type\":\"SearchAction\",\"target\":{\"@type\":\"EntryPoint\",\"urlTemplate\":\"https:\\\/\\\/villa77.hr\\\/?s={search_term_string}\"},\"query-input\":{\"@type\":\"PropertyValueSpecification\",\"valueRequired\":true,\"valueName\":\"search_term_string\"}}],\"inLanguage\":\"hr\"}]}<\/script>\n<!-- \/ Yoast SEO plugin. -->","yoast_head_json":{"title":"Blog - Villa 77","robots":{"index":"index","follow":"follow","max-snippet":"max-snippet:-1","max-image-preview":"max-image-preview:large","max-video-preview":"max-video-preview:-1"},"canonical":"https:\/\/villa77.hr\/index.php\/blog\/","og_locale":"hr_HR","og_type":"article","og_title":"Blog - Villa 77","og_description":"Mali blog Vile 77 Vijesti iz Lonjskog polja 1. listopada 2024.1 Otkrijte Krate\u010dko \/ Gdje se nalazi Lonjsko polje? Kako do\u0107i do Lonjskog polja? Otkrijte Kostajnicu: Bogata povijest i prirodne ljepote 1. listopada 2024. Park prirode \/ \u010culi ste za Lonjsko polje, a ne znate gdje se nalazi&#8230; Continue Reading 1. listopada 2024.0 Hrvatska Kostajnica, ljubav na prvi pogled Hrvatska Kostajnica, ljubav na prvi pogled 1. listopada 2024. Photo Story U srcu slikovitog krajolika, na obalama rijeke Une, le\u017ei Hrvatska [&hellip;]","og_url":"https:\/\/villa77.hr\/index.php\/blog\/","og_site_name":"Villa 77","og_image":[{"url":"https:\/\/goran-juric.com\/nono\/wp-content\/themes\/blacksilver\/images\/placeholders\/placeholder-770x550.gif","type":"","width":"","height":""}],"twitter_card":"summary_large_image","twitter_misc":{"Procijenjeno vrijeme \u010ditanja":"1 minuta"},"schema":{"@context":"https:\/\/schema.org","@graph":[{"@type":"WebPage","@id":"https:\/\/villa77.hr\/index.php\/blog\/","url":"https:\/\/villa77.hr\/index.php\/blog\/","name":"Blog - Villa 77","isPartOf":{"@id":"https:\/\/villa77.hr\/#website"},"primaryImageOfPage":{"@id":"https:\/\/villa77.hr\/index.php\/blog\/#primaryimage"},"image":{"@id":"https:\/\/villa77.hr\/index.php\/blog\/#primaryimage"},"thumbnailUrl":"https:\/\/goran-juric.com\/nono\/wp-content\/themes\/blacksilver\/images\/placeholders\/placeholder-770x550.gif","datePublished":"2019-06-09T17:01:03+00:00","breadcrumb":{"@id":"https:\/\/villa77.hr\/index.php\/blog\/#breadcrumb"},"inLanguage":"hr","potentialAction":[{"@type":"ReadAction","target":["https:\/\/villa77.hr\/index.php\/blog\/"]}]},{"@type":"ImageObject","inLanguage":"hr","@id":"https:\/\/villa77.hr\/index.php\/blog\/#primaryimage","url":"https:\/\/goran-juric.com\/nono\/wp-content\/themes\/blacksilver\/images\/placeholders\/placeholder-770x550.gif","contentUrl":"https:\/\/goran-juric.com\/nono\/wp-content\/themes\/blacksilver\/images\/placeholders\/placeholder-770x550.gif"},{"@type":"BreadcrumbList","@id":"https:\/\/villa77.hr\/index.php\/blog\/#breadcrumb","itemListElement":[{"@type":"ListItem","position":1,"name":"Po\u010detna stranica","item":"https:\/\/villa77.hr\/"},{"@type":"ListItem","position":2,"name":"Blog"}]},{"@type":"WebSite","@id":"https:\/\/villa77.hr\/#website","url":"https:\/\/villa77.hr\/","name":"Villa 77","description":"","potentialAction":[{"@type":"SearchAction","target":{"@type":"EntryPoint","urlTemplate":"https:\/\/villa77.hr\/?s={search_term_string}"},"query-input":{"@type":"PropertyValueSpecification","valueRequired":true,"valueName":"search_term_string"}}],"inLanguage":"hr"}]}},"_links":{"self":[{"href":"https:\/\/villa77.hr\/index.php\/wp-json\/wp\/v2\/pages\/991","targetHints":{"allow":["GET"]}}],"collection":[{"href":"https:\/\/villa77.hr\/index.php\/wp-json\/wp\/v2\/pages"}],"about":[{"href":"https:\/\/villa77.hr\/index.php\/wp-json\/wp\/v2\/types\/page"}],"author":[{"embeddable":true,"href":"https:\/\/villa77.hr\/index.php\/wp-json\/wp\/v2\/users\/1"}],"replies":[{"embeddable":true,"href":"https:\/\/villa77.hr\/index.php\/wp-json\/wp\/v2\/comments?post=991"}],"version-history":[{"count":0,"href":"https:\/\/villa77.hr\/index.php\/wp-json\/wp\/v2\/pages\/991\/revisions"}],"wp:attachment":[{"href":"https:\/\/villa77.hr\/index.php\/wp-json\/wp\/v2\/media?parent=991"}],"curies":[{"name":"wp","href":"https:\/\/api.w.org\/{rel}","templated":true}]}}